{"id":3248,"date":"2025-11-06T14:06:31","date_gmt":"2025-11-06T14:06:31","guid":{"rendered":"https:\/\/im-cybersec.com\/?page_id=3248"},"modified":"2025-12-29T13:17:00","modified_gmt":"2025-12-29T13:17:00","slug":"imprint-im-cybersec","status":"publish","type":"page","link":"https:\/\/im-cybersec.com\/fr\/imprint-im-cybersec\/","title":{"rendered":"IMPRINT"},"content":{"rendered":"<div class=\"wp-block-uagb-container uagb-block-ffc1542d alignfull uagb-is-root-container\"><div class=\"uagb-container-inner-blocks-wrap\">\n<div class=\"wp-block-uagb-image alignleft uagb-block-0f41bedb wp-block-uagb-image--layout-default wp-block-uagb-image--effect-static wp-block-uagb-image--align-left\"><figure class=\"wp-block-uagb-image__figure\"><img loading=\"lazy\" decoding=\"async\" srcset=\"https:\/\/im-cybersec.com\/wp-content\/uploads\/2025\/11\/IM-CyberSec-\u2013-kopija-3-1024x256.png ,https:\/\/im-cybersec.com\/wp-content\/uploads\/2025\/11\/IM-CyberSec-\u2013-kopija-3-scaled.png 780w, https:\/\/im-cybersec.com\/wp-content\/uploads\/2025\/11\/IM-CyberSec-\u2013-kopija-3-scaled.png 360w\" sizes=\"auto, (max-width: 480px) 150px\" src=\"https:\/\/im-cybersec.com\/wp-content\/uploads\/2025\/11\/IM-CyberSec-\u2013-kopija-3-1024x256.png\" alt=\"\" class=\"uag-image-3250\" width=\"1024\" height=\"256\" title=\"IM CyberSec \u2013 kopija (3)\" role=\"img\"\/><\/figure><\/div>\n<\/div><\/div>\n\n\n\n<div class=\"wp-block-uagb-container uagb-block-bc9d6916 alignfull uagb-is-root-container\"><div class=\"uagb-container-inner-blocks-wrap\">\n<div style=\"height:49px\" aria-hidden=\"true\" class=\"wp-block-spacer\"><\/div>\n<\/div><\/div>\n\n\n\n<div class=\"wp-block-uagb-container uagb-block-7947c83e alignfull uagb-is-root-container\"><div class=\"uagb-container-inner-blocks-wrap\">\n<figure class=\"wp-block-table\"><table class=\"has-border-color\" style=\"border-color:#212d4500\"><tbody><tr><td>Responsable:<br>Imagine CyberSec GmbH<br>K\u00f6ttinger Weg 122<br>57537 Wissen<br>Allemagne<br><br>Repr\u00e9sent\u00e9e par:<br>Managing Directors: Peter D\u00f6rfer, Ulrich Marc Frederic Hustert<br><br>Inscription au registre du commerce:<br>Inscrite au registre du commerce<br>Register Court: Montabaur<br>Registration Number: HR 30905<br>TVA intracommunautaire: DE815702959<br><br>Imagine CyberSec SAS<br>60 rue Fran\u00e7ois 1er<br>75008 Paris<br>France<br><br>Repr\u00e9sent\u00e9e par:<br>Pr\u00e9sident Ulrich Marc Frederic Hustert<br>Managing Director: Peter D\u00f6rfer<br><br>Contact :<br>Phone: +49 274 26929981<br>Email: info@im-cybersec.com<br><br>Informations d'enregistrement:<br>SIREN: 992 352 484<br>SIRET (registered office): 992 352 484 00016.<br>RCS: 992 352 484 R.C.S. Paris, registered on 10.10.2025.<br>TVA intracommunautaire: FR06992352484.<br><br>Avertissement informations juridiques<br>\u00a7 1 Avertissement concernant le contenu<br>Le contenu gratuit et librement accessible de ce site a \u00e9t\u00e9 cr\u00e9\u00e9 avec le plus grand soin. Toutefois, l'\u00e9diteur de ce site n'assume aucune responsabilit\u00e9 quant \u00e0 l'exactitude et \u00e0 l'actualit\u00e9 des informations et actualit\u00e9s journalistiques fournies. Les contributions sign\u00e9es refl\u00e8tent l'opinion de leur auteur et pas n\u00e9cessairement celle de l'\u00e9diteur. Le simple acc\u00e8s \u00e0 ce contenu ne cr\u00e9e aucun rapport contractuel entre l'utilisateur et l'\u00e9diteur, et n'entra\u00eene aucune obligation juridique de la part de l'\u00e9diteur.<br><br>\u00a7 2 External links<br>Ce site contient des liens vers des sites tiers (\"liens externes\"). Ces sites sont sous la responsabilit\u00e9 de leurs exploitants. Lors de la premi\u00e8re cr\u00e9ation des liens, l'\u00e9diteur a v\u00e9rifi\u00e9 l'absence d'infractions apparentes. Aucune violation n'\u00e9tait visible \u00e0 ce moment-l\u00e0. L'\u00e9diteur n'exerce aucune influence sur la forme actuelle et future ni sur le contenu des pages li\u00e9es. L'insertion de liens externes ne signifie pas que l'\u00e9diteur s'approprie les contenus r\u00e9f\u00e9renc\u00e9s. Un contr\u00f4le permanent des liens externes n'est pas raisonnablement exigible sans indices concrets d'infraction. En cas de connaissance d'infractions, ces liens seront imm\u00e9diatement supprim\u00e9s.<br><br>\u00a7 3 Droits d'auteur et droits voisins<br>Les contenus publi\u00e9s sur ce site sont prot\u00e9g\u00e9s par le droit d'auteur et les droits voisins allemands. Toute utilisation non autoris\u00e9e par ces droits requiert l'accord \u00e9crit pr\u00e9alable de l'\u00e9diteur ou du titulaire des droits. Cela vaut notamment pour la reproduction, l'adaptation, la traduction, le stockage, le traitement ou la reproduction dans des bases de donn\u00e9es ou autres supports et syst\u00e8mes \u00e9lectroniques. Les contenus et droits de tiers sont indiqu\u00e9s comme tels. La reproduction ou la diffusion non autoris\u00e9e de contenus, m\u00eame partiels, est interdite et passible de sanctions. Seule la r\u00e9alisation de copies et de t\u00e9l\u00e9chargements pour un usage personnel, priv\u00e9 et non commercial est autoris\u00e9e. L'affichage de ce site dans des cadres externes n'est autoris\u00e9 qu'avec une autorisation \u00e9crite.<br><br>\u00a7 4 Conditions particuli\u00e8res d'utilisation<br>Si des conditions particuli\u00e8res pour certaines utilisations de ce site diff\u00e8rent des paragraphes ci-dessus, cela sera express\u00e9ment indiqu\u00e9 \u00e0 l'endroit appropri\u00e9. Dans ce cas, les conditions particuli\u00e8res s'appliquent \u00e0 l'usage concern\u00e9.<br><br>Source: Imprint generator by juraforum.de<\/td><\/tr><\/tbody><\/table><\/figure>\n<\/div><\/div>","protected":false},"excerpt":{"rendered":"<p>Responsible:Imagine CyberSec GmbHK\u00f6ttinger Weg 12257537 WissenGermany Represented by:Managing Directors: Peter D\u00f6rfer, Ulrich Marc Frederic Hustert Commercial Register Entry:Entered in the Commercial RegisterRegister Court: MontabaurRegistration Number: HR 30905VAT ID: DE815702959 Imagine CyberSec SAS60 rue Fran\u00e7ois 1er75008 ParisFrance Represented by:President Ulrich Marc Frederic HustertManaging Director: Peter D\u00f6rfer Contact:Phone: +49 274 26929981Email: info@im-cybersec.com Register Entry:SIREN: 992 352 484SIRET [&hellip;]<\/p>","protected":false},"author":1,"featured_media":3153,"parent":0,"menu_order":0,"comment_status":"closed","ping_status":"closed","template":"","meta":{"_uag_custom_page_level_css":"","site-sidebar-layout":"no-sidebar","site-content-layout":"plain-container","ast-site-content-layout":"normal-width-container","site-content-style":"unboxed","site-sidebar-style":"unboxed","ast-global-header-display":"","ast-banner-title-visibility":"","ast-main-header-display":"","ast-hfb-above-header-display":"","ast-hfb-below-header-display":"","ast-hfb-mobile-header-display":"","site-post-title":"disabled","ast-breadcrumbs-content":"","ast-featured-img":"disabled","footer-sml-layout":"","theme-transparent-header-meta":"enabled","adv-header-id-meta":"","stick-header-meta":"","header-above-stick-meta":"","header-main-stick-meta":"","header-below-stick-meta":"","astra-migrate-meta-layouts":"set","ast-page-background-enabled":"default","ast-page-background-meta":{"desktop":{"background-color":"var(--ast-global-color-4)","background-image":"","background-repeat":"repeat","background-position":"center center","background-size":"auto","background-attachment":"scroll","background-type":"","background-media":"","overlay-type":"","overlay-color":"","overlay-opacity":"","overlay-gradient":""},"tablet":{"background-color":"","background-image":"","background-repeat":"repeat","background-position":"center center","background-size":"auto","background-attachment":"scroll","background-type":"","background-media":"","overlay-type":"","overlay-color":"","overlay-opacity":"","overlay-gradient":""},"mobile":{"background-color":"","background-image":"","background-repeat":"repeat","background-position":"center center","background-size":"auto","background-attachment":"scroll","background-type":"","background-media":"","overlay-type":"","overlay-color":"","overlay-opacity":"","overlay-gradient":""}},"ast-content-background-meta":{"desktop":{"background-color":"var(--ast-global-color-5)","background-image":"","background-repeat":"repeat","background-position":"center center","background-size":"auto","background-attachment":"scroll","background-type":"","background-media":"","overlay-type":"","overlay-color":"","overlay-opacity":"","overlay-gradient":""},"tablet":{"background-color":"var(--ast-global-color-5)","background-image":"","background-repeat":"repeat","background-position":"center center","background-size":"auto","background-attachment":"scroll","background-type":"","background-media":"","overlay-type":"","overlay-color":"","overlay-opacity":"","overlay-gradient":""},"mobile":{"background-color":"var(--ast-global-color-5)","background-image":"","background-repeat":"repeat","background-position":"center center","background-size":"auto","background-attachment":"scroll","background-type":"","background-media":"","overlay-type":"","overlay-color":"","overlay-opacity":"","overlay-gradient":""}},"footnotes":""},"class_list":["post-3248","page","type-page","status-publish","has-post-thumbnail","hentry"],"yoast_head":"<!-- This site is optimized with the Yoast SEO plugin v25.7 - https:\/\/yoast.com\/wordpress\/plugins\/seo\/ -->\n<title>IMPRINT - IM CyberSec<\/title>\n<meta name=\"description\" content=\"Don&#039;t Want to be Hacked or Need a Strategy? Let&#039;s Connect! We will respond to your inquiry at the earliest opportunity\" \/>\n<meta name=\"robots\" content=\"index, follow, max-snippet:-1, max-image-preview:large, max-video-preview:-1\" \/>\n<link rel=\"canonical\" href=\"https:\/\/im-cybersec.com\/fr\/imprint-im-cybersec\/\" \/>\n<meta property=\"og:locale\" content=\"fr_FR\" \/>\n<meta property=\"og:type\" content=\"article\" \/>\n<meta property=\"og:title\" content=\"IMPRINT - IM CyberSec\" \/>\n<meta property=\"og:description\" content=\"Don&#039;t Want to be Hacked or Need a Strategy? Let&#039;s Connect! We will respond to your inquiry at the earliest opportunity\" \/>\n<meta property=\"og:url\" content=\"https:\/\/im-cybersec.com\/fr\/imprint-im-cybersec\/\" \/>\n<meta property=\"og:site_name\" content=\"IM CyberSec\" \/>\n<meta property=\"article:modified_time\" content=\"2025-12-29T13:17:00+00:00\" \/>\n<meta property=\"og:image\" content=\"https:\/\/im-cybersec.com\/wp-content\/uploads\/2025\/10\/10-scaled.png\" \/>\n\t<meta property=\"og:image:width\" content=\"2560\" \/>\n\t<meta property=\"og:image:height\" content=\"2560\" \/>\n\t<meta property=\"og:image:type\" content=\"image\/png\" \/>\n<meta name=\"twitter:card\" content=\"summary_large_image\" \/>\n<meta name=\"twitter:label1\" content=\"Dur\u00e9e de lecture estim\u00e9e\" \/>\n\t<meta name=\"twitter:data1\" content=\"3 minutes\" \/>\n<script type=\"application\/ld+json\" class=\"yoast-schema-graph\">{\"@context\":\"https:\/\/schema.org\",\"@graph\":[{\"@type\":\"WebPage\",\"@id\":\"https:\/\/im-cybersec.com\/imprint-im-cybersec\/\",\"url\":\"https:\/\/im-cybersec.com\/imprint-im-cybersec\/\",\"name\":\"IMPRINT - IM CyberSec\",\"isPartOf\":{\"@id\":\"https:\/\/im-cybersec.com\/#website\"},\"primaryImageOfPage\":{\"@id\":\"https:\/\/im-cybersec.com\/imprint-im-cybersec\/#primaryimage\"},\"image\":{\"@id\":\"https:\/\/im-cybersec.com\/imprint-im-cybersec\/#primaryimage\"},\"thumbnailUrl\":\"https:\/\/im-cybersec.com\/wp-content\/uploads\/2025\/10\/10-scaled.png\",\"datePublished\":\"2025-11-06T14:06:31+00:00\",\"dateModified\":\"2025-12-29T13:17:00+00:00\",\"description\":\"Don't Want to be Hacked or Need a Strategy? Let's Connect! We will respond to your inquiry at the earliest opportunity\",\"breadcrumb\":{\"@id\":\"https:\/\/im-cybersec.com\/imprint-im-cybersec\/#breadcrumb\"},\"inLanguage\":\"fr-FR\",\"potentialAction\":[{\"@type\":\"ReadAction\",\"target\":[\"https:\/\/im-cybersec.com\/imprint-im-cybersec\/\"]}]},{\"@type\":\"ImageObject\",\"inLanguage\":\"fr-FR\",\"@id\":\"https:\/\/im-cybersec.com\/imprint-im-cybersec\/#primaryimage\",\"url\":\"https:\/\/im-cybersec.com\/wp-content\/uploads\/2025\/10\/10-scaled.png\",\"contentUrl\":\"https:\/\/im-cybersec.com\/wp-content\/uploads\/2025\/10\/10-scaled.png\",\"width\":2560,\"height\":2560},{\"@type\":\"BreadcrumbList\",\"@id\":\"https:\/\/im-cybersec.com\/imprint-im-cybersec\/#breadcrumb\",\"itemListElement\":[{\"@type\":\"ListItem\",\"position\":1,\"name\":\"Home\",\"item\":\"https:\/\/im-cybersec.com\/\"},{\"@type\":\"ListItem\",\"position\":2,\"name\":\"IMPRINT\"}]},{\"@type\":\"WebSite\",\"@id\":\"https:\/\/im-cybersec.com\/#website\",\"url\":\"https:\/\/im-cybersec.com\/\",\"name\":\"IM CyberSec\",\"description\":\"\",\"potentialAction\":[{\"@type\":\"SearchAction\",\"target\":{\"@type\":\"EntryPoint\",\"urlTemplate\":\"https:\/\/im-cybersec.com\/?s={search_term_string}\"},\"query-input\":{\"@type\":\"PropertyValueSpecification\",\"valueRequired\":true,\"valueName\":\"search_term_string\"}}],\"inLanguage\":\"fr-FR\"}]}<\/script>\n<!-- \/ Yoast SEO plugin. -->","yoast_head_json":{"title":"IMPRINT - IM CyberSec","description":"Don't Want to be Hacked or Need a Strategy? Let's Connect! We will respond to your inquiry at the earliest opportunity","robots":{"index":"index","follow":"follow","max-snippet":"max-snippet:-1","max-image-preview":"max-image-preview:large","max-video-preview":"max-video-preview:-1"},"canonical":"https:\/\/im-cybersec.com\/fr\/imprint-im-cybersec\/","og_locale":"fr_FR","og_type":"article","og_title":"IMPRINT - IM CyberSec","og_description":"Don't Want to be Hacked or Need a Strategy? Let's Connect! We will respond to your inquiry at the earliest opportunity","og_url":"https:\/\/im-cybersec.com\/fr\/imprint-im-cybersec\/","og_site_name":"IM CyberSec","article_modified_time":"2025-12-29T13:17:00+00:00","og_image":[{"width":2560,"height":2560,"url":"https:\/\/im-cybersec.com\/wp-content\/uploads\/2025\/10\/10-scaled.png","type":"image\/png"}],"twitter_card":"summary_large_image","twitter_misc":{"Dur\u00e9e de lecture estim\u00e9e":"3 minutes"},"schema":{"@context":"https:\/\/schema.org","@graph":[{"@type":"WebPage","@id":"https:\/\/im-cybersec.com\/imprint-im-cybersec\/","url":"https:\/\/im-cybersec.com\/imprint-im-cybersec\/","name":"IMPRINT - IM CyberSec","isPartOf":{"@id":"https:\/\/im-cybersec.com\/#website"},"primaryImageOfPage":{"@id":"https:\/\/im-cybersec.com\/imprint-im-cybersec\/#primaryimage"},"image":{"@id":"https:\/\/im-cybersec.com\/imprint-im-cybersec\/#primaryimage"},"thumbnailUrl":"https:\/\/im-cybersec.com\/wp-content\/uploads\/2025\/10\/10-scaled.png","datePublished":"2025-11-06T14:06:31+00:00","dateModified":"2025-12-29T13:17:00+00:00","description":"Don't Want to be Hacked or Need a Strategy? Let's Connect! We will respond to your inquiry at the earliest opportunity","breadcrumb":{"@id":"https:\/\/im-cybersec.com\/imprint-im-cybersec\/#breadcrumb"},"inLanguage":"fr-FR","potentialAction":[{"@type":"ReadAction","target":["https:\/\/im-cybersec.com\/imprint-im-cybersec\/"]}]},{"@type":"ImageObject","inLanguage":"fr-FR","@id":"https:\/\/im-cybersec.com\/imprint-im-cybersec\/#primaryimage","url":"https:\/\/im-cybersec.com\/wp-content\/uploads\/2025\/10\/10-scaled.png","contentUrl":"https:\/\/im-cybersec.com\/wp-content\/uploads\/2025\/10\/10-scaled.png","width":2560,"height":2560},{"@type":"BreadcrumbList","@id":"https:\/\/im-cybersec.com\/imprint-im-cybersec\/#breadcrumb","itemListElement":[{"@type":"ListItem","position":1,"name":"Home","item":"https:\/\/im-cybersec.com\/"},{"@type":"ListItem","position":2,"name":"IMPRINT"}]},{"@type":"WebSite","@id":"https:\/\/im-cybersec.com\/#website","url":"https:\/\/im-cybersec.com\/","name":"IM CyberSec","description":"","potentialAction":[{"@type":"SearchAction","target":{"@type":"EntryPoint","urlTemplate":"https:\/\/im-cybersec.com\/?s={search_term_string}"},"query-input":{"@type":"PropertyValueSpecification","valueRequired":true,"valueName":"search_term_string"}}],"inLanguage":"fr-FR"}]}},"uagb_featured_image_src":{"full":["https:\/\/im-cybersec.com\/wp-content\/uploads\/2025\/10\/10-scaled.png",2560,2560,false],"thumbnail":["https:\/\/im-cybersec.com\/wp-content\/uploads\/2025\/10\/10-150x150.png",150,150,true],"medium":["https:\/\/im-cybersec.com\/wp-content\/uploads\/2025\/10\/10-300x300.png",300,300,true],"medium_large":["https:\/\/im-cybersec.com\/wp-content\/uploads\/2025\/10\/10-768x768.png",768,768,true],"large":["https:\/\/im-cybersec.com\/wp-content\/uploads\/2025\/10\/10-1024x1024.png",1024,1024,true],"1536x1536":["https:\/\/im-cybersec.com\/wp-content\/uploads\/2025\/10\/10-1536x1536.png",1536,1536,true],"2048x2048":["https:\/\/im-cybersec.com\/wp-content\/uploads\/2025\/10\/10-2048x2048.png",2048,2048,true],"trp-custom-language-flag":["https:\/\/im-cybersec.com\/wp-content\/uploads\/2025\/10\/10-12x12.png",12,12,true]},"uagb_author_info":{"display_name":"anita.xd@yahoo.com","author_link":"https:\/\/im-cybersec.com\/fr\/author\/anita-xdyahoo-com\/"},"uagb_comment_info":0,"uagb_excerpt":"Responsible:Imagine CyberSec GmbHK\u00f6ttinger Weg 12257537 WissenGermany Represented by:Managing Directors: Peter D\u00f6rfer, Ulrich Marc Frederic Hustert Commercial Register Entry:Entered in the Commercial RegisterRegister Court: MontabaurRegistration Number: HR 30905VAT ID: DE815702959 Imagine CyberSec SAS60 rue Fran\u00e7ois 1er75008 ParisFrance Represented by:President Ulrich Marc Frederic HustertManaging Director: Peter D\u00f6rfer Contact:Phone: +49 274 26929981Email: info@im-cybersec.com Register Entry:SIREN: 992 352 484SIRET\u2026","_links":{"self":[{"href":"https:\/\/im-cybersec.com\/fr\/wp-json\/wp\/v2\/pages\/3248","targetHints":{"allow":["GET"]}}],"collection":[{"href":"https:\/\/im-cybersec.com\/fr\/wp-json\/wp\/v2\/pages"}],"about":[{"href":"https:\/\/im-cybersec.com\/fr\/wp-json\/wp\/v2\/types\/page"}],"author":[{"embeddable":true,"href":"https:\/\/im-cybersec.com\/fr\/wp-json\/wp\/v2\/users\/1"}],"replies":[{"embeddable":true,"href":"https:\/\/im-cybersec.com\/fr\/wp-json\/wp\/v2\/comments?post=3248"}],"version-history":[{"count":10,"href":"https:\/\/im-cybersec.com\/fr\/wp-json\/wp\/v2\/pages\/3248\/revisions"}],"predecessor-version":[{"id":3373,"href":"https:\/\/im-cybersec.com\/fr\/wp-json\/wp\/v2\/pages\/3248\/revisions\/3373"}],"wp:featuredmedia":[{"embeddable":true,"href":"https:\/\/im-cybersec.com\/fr\/wp-json\/wp\/v2\/media\/3153"}],"wp:attachment":[{"href":"https:\/\/im-cybersec.com\/fr\/wp-json\/wp\/v2\/media?parent=3248"}],"curies":[{"name":"wp","href":"https:\/\/api.w.org\/{rel}","templated":true}]}}