{"id":3254,"date":"2025-11-06T14:12:00","date_gmt":"2025-11-06T14:12:00","guid":{"rendered":"https:\/\/im-cybersec.com\/?page_id=3254"},"modified":"2025-12-30T09:41:05","modified_gmt":"2025-12-30T09:41:05","slug":"privacy-policy-im-cybersec","status":"publish","type":"page","link":"https:\/\/im-cybersec.com\/de\/privacy-policy-im-cybersec\/","title":{"rendered":"PRIVACY &#038; POLICY"},"content":{"rendered":"<div class=\"wp-block-uagb-container uagb-block-ffc1542d alignfull uagb-is-root-container\"><div class=\"uagb-container-inner-blocks-wrap\">\n<div class=\"wp-block-uagb-image alignleft uagb-block-0f41bedb wp-block-uagb-image--layout-default wp-block-uagb-image--effect-static wp-block-uagb-image--align-left\"><figure class=\"wp-block-uagb-image__figure\"><img decoding=\"async\" srcset=\"https:\/\/im-cybersec.com\/wp-content\/uploads\/2025\/11\/IM-CyberSec-\u2013-kopija-6-1024x256.png ,https:\/\/im-cybersec.com\/wp-content\/uploads\/2025\/11\/IM-CyberSec-\u2013-kopija-6-scaled.png 780w, https:\/\/im-cybersec.com\/wp-content\/uploads\/2025\/11\/IM-CyberSec-\u2013-kopija-6-scaled.png 360w\" sizes=\"auto, (max-width: 480px) 150px\" src=\"https:\/\/im-cybersec.com\/wp-content\/uploads\/2025\/11\/IM-CyberSec-\u2013-kopija-6-1024x256.png\" alt=\"\" class=\"uag-image-3265\" width=\"1024\" height=\"256\" title=\"IM CyberSec \u2013 kopija (6)\" loading=\"lazy\" role=\"img\"\/><\/figure><\/div>\n<\/div><\/div>\n\n\n\n<div class=\"wp-block-uagb-container uagb-block-bc9d6916 alignfull uagb-is-root-container\"><div class=\"uagb-container-inner-blocks-wrap\">\n<div style=\"height:49px\" aria-hidden=\"true\" class=\"wp-block-spacer\"><\/div>\n<\/div><\/div>\n\n\n\n<div class=\"wp-block-uagb-container uagb-block-724a3849 alignfull uagb-is-root-container\"><div class=\"uagb-container-inner-blocks-wrap\">\n<figure class=\"wp-block-table\"><table class=\"has-fixed-layout\"><tbody><tr><td>Datenschutzbestimmungen<br><br>We appreciate your interest in our company. Data protection is a top priority for the management of Imagine CyberSec GmbH and Imagine CyberSec SAS. The websites at https:\/\/im-cybersec.com\/ can generally be used without providing any personal data. If a data subject wishes to use special services via our website, processing of personal data may become necessary. If such processing is required and there is no legal basis for it, we will generally obtain the data subject\u2019s consent.<br><br>Scope for two controllers: This privacy policy applies equally to Imagine CyberSec GmbH and Imagine CyberSec SAS. Where the text refers only to \u201cIM CyberSec\u201d or \u201cthe controller\u201d, this includes both companies unless expressly stated otherwise. Depending on the processing activity, both companies act as controllers within the meaning of the GDPR. A single point of contact for data subject rights is named below.<br><br>The processing of personal data, such as the name, address, email address, or telephone number of a data subject, is always carried out in accordance with the General Data Protection Regulation and the national data protection provisions applicable to Imagine CyberSec GmbH and Imagine CyberSec SAS. With this privacy policy we inform the public about the type, scope, and purpose of the personal data we collect, use, and process. We also explain the rights of data subjects.<br><br>As controllers, Imagine CyberSec GmbH and Imagine CyberSec SAS have implemented numerous technical and organizational measures to ensure the most complete protection possible of personal data processed via this website. Nevertheless, internet based data transmissions can have security gaps, so absolute protection cannot be guaranteed. For this reason, any data subject is free to transmit personal data to us by alternative means, for example by telephone.<br><br>1. Begriffsbestimmungen<br><br>Die Begriffsbestimmungen entsprechen der Datenschutz-Grundverordnung. Unsere Datenschutzerkl\u00e4rung soll sowohl f\u00fcr die \u00d6ffentlichkeit als auch f\u00fcr unsere Kunden und Gesch\u00e4ftspartner einfach lesbar und verst\u00e4ndlich sein. Um dies zu gew\u00e4hrleisten, erl\u00e4utern wir vorab die verwendeten Begrifflichkeiten:<br><br>a) personenbezogene Daten<br>b) betroffene Person<br>c) Verarbeitung<br>d) Einschr\u00e4nkung der Verarbeitung<br>e) Profiling<br>f) Pseudonymisierung<br>g) Verantwortlicher oder f\u00fcr die Verarbeitung Verantwortlicher<br>h) Auftragsverarbeiter<br>i) Empf\u00e4nger<br>j) Dritter<br>k) Einwilligung<br><br>2. Name und Anschrift der Verantwortlichen<br><br>Gemeinsam Verantwortliche im Sinne von Art. 4 Nr. 7 und Art. 26 DSGVO<br>F\u00fcr die in dieser Datenschutzerkl\u00e4rung beschriebenen Verarbeitungen sind die folgenden Unternehmen verantwortlich. Beide Unternehmen haben eine Vereinbarung \u00fcber die gemeinsame Verantwortlichkeit geschlossen. Zentrale Anlaufstelle f\u00fcr Betroffenenrechte ist die nachfolgend genannte E-Mail-Adresse.<br><br>Imagine CyberSec GmbH<br>K\u00f6ttinger Weg 122<br>57537 Wissen<br>Deutschland<br><br>Imagine CyberSec SAS<br>60 rue Fran\u00e7ois 1er<br>75008 Paris<br>Frankreich<br><br>Kontakt:<br>Tel.: +49 274 26929981<br>Email: datenschutz@im-cybersec.com<br>Website: https:\/\/im-cybersec.com\/<br><br>Auf Wunsch stellen wir die wesentlichen Inhalte der Vereinbarung nach Art. 26 DSGVO zur Verf\u00fcgung.<br><br>3. Cookies<br><br>Auf Wunsch stellen wir die wesentlichen Inhalte der Vereinbarung nach Art. 26 DSGVO zur Verf\u00fcgung.<br><br>Die Setzung von Cookies kann jederzeit \u00fcber die entsprechende Einstellung des genutzten Internetbrowsers verhindert und bereits gesetzte Cookies k\u00f6nnen gel\u00f6scht werden. Deaktiviert die betroffene Person die Setzung von Cookies, sind unter Umst\u00e4nden nicht alle Funktionen unserer Internetseite vollumf\u00e4nglich nutzbar.<br><br>4. Erfassung von allgemeinen Daten und Informationen<br><br>Bei jedem Aufruf unserer Internetseite werden eine Reihe allgemeiner Daten und Informationen in Server-Logfiles gespeichert. Erfasst werden k\u00f6nnen insbesondere Browsertypen und Versionen, das Betriebssystem, die zuvor besuchte Seite, die aufgerufenen Unterseiten, Datum und Uhrzeit des Zugriffs, die IP-Adresse, der Internet-Service-Provider sowie \u00e4hnliche Daten, die der Gefahrenabwehr im Falle von Angriffen auf unsere IT-Systeme dienen.<br><br>Eine Zuordnung zu einer betroffenen Person findet nicht statt. Die Auswertung erfolgt zur korrekten Auslieferung der Inhalte, zur Optimierung unserer Website und Werbung, zur Sicherstellung der dauerhaften Funktionsf\u00e4higkeit unserer Systeme sowie zur Bereitstellung von Informationen an Strafverfolgungsbeh\u00f6rden im Fall eines Cyberangriffs. Die anonymen Daten der Server-Logfiles werden getrennt von allen angegebenen personenbezogenen Daten gespeichert.<br><br>5. Registrierung auf unserer Internetseite<br><br>Betroffene Personen k\u00f6nnen sich auf unserer Internetseite unter Angabe personenbezogener Daten registrieren. Welche Daten erhoben werden, ergibt sich aus der jeweiligen Eingabemaske. Die Daten werden ausschlie\u00dflich f\u00fcr interne Zwecke verwendet und k\u00f6nnen an Auftragsverarbeiter \u00fcbermittelt werden, die diese Daten ebenfalls nur intern verwenden.<br><br>Im Zuge der Registrierung werden IP-Adresse, Datum und Uhrzeit gespeichert. Dies dient der Missbrauchspr\u00e4vention und gegebenenfalls der Aufkl\u00e4rung von Straftaten. Registrierte Personen k\u00f6nnen ihre Daten jederzeit \u00e4ndern oder l\u00f6schen lassen. Auskunft \u00fcber gespeicherte Daten erteilen wir jederzeit auf Anfrage.<br><br>6. Abonnement unseres Newsletters<br><br>Auf https:\/\/im-cybersec.com\/ kann ein Newsletter abonniert werden. Voraussetzung ist eine g\u00fcltige E-Mail-Adresse und eine Registrierung. Aus rechtlichen Gr\u00fcnden wird eine Best\u00e4tigungsmail im Double-Opt-In-Verfahren versendet. Dabei speichern wir IP-Adresse, Datum und Uhrzeit der Anmeldung. Die Daten werden ausschlie\u00dflich zum Versand unseres Newsletters verwendet und nicht an Dritte weitergegeben. Die Einwilligung kann jederzeit widerrufen werden, etwa \u00fcber den Abmeldelink in jedem Newsletter.<br><br>7. Newsletter-Tracking<br><br>Unsere Newsletter enthalten Z\u00e4hlpixel. Dadurch k\u00f6nnen wir statistisch auswerten, ob und wann eine E-Mail ge\u00f6ffnet wurde und welche Links aufgerufen wurden. Diese Daten helfen uns, k\u00fcnftige Newsletter zu optimieren. Eine Weitergabe an Dritte erfolgt nicht. Die Einwilligung kann jederzeit widerrufen werden. Eine Abmeldung vom Newsletter wird als Widerruf gewertet.<br><br>8. Kontaktm\u00f6glichkeit \u00fcber die Internetseite<br><br>Die Internetseite enth\u00e4lt Angaben, die eine schnelle elektronische Kontaktaufnahme mit uns erm\u00f6glichen, insbesondere eine allgemeine E-Mail-Adresse. Nimmt eine betroffene Person per E-Mail oder \u00fcber ein Kontaktformular Kontakt auf, werden die \u00fcbermittelten Daten automatisch gespeichert und ausschlie\u00dflich zur Bearbeitung der Anfrage verwendet. Eine Weitergabe an Dritte erfolgt nicht.<br><br>Kontakt:<br>Allgemeine Anfragen: info@im-cybersec.com<br>Datenschutzanfragen: datenschutz@im-cybersec.com<br><br>9. Routinem\u00e4\u00dfige L\u00f6schung und Sperrung personenbezogener Daten<br><br>Personenbezogene Daten werden nur f\u00fcr den Zeitraum verarbeitet und gespeichert, der zur Erreichung des Speicherungszwecks erforderlich ist oder der durch gesetzliche Vorschriften vorgesehen ist. Entf\u00e4llt der Speicherungszweck oder l\u00e4uft eine gesetzliche Frist ab, werden die Daten routinem\u00e4\u00dfig gesperrt oder gel\u00f6scht.<br><br>10. Rechte der betroffenen Person<br><br>Betroffene Personen haben das Recht auf<br>a) Best\u00e4tigung,<br>b) Auskunft,<br>c) Berichtigung,<br>d) L\u00f6schung,<br>e) Einschr\u00e4nkung der Verarbeitung,<br>f) Daten\u00fcbertragbarkeit,<br>g) Widerspruch,<br>h) keine ausschlie\u00dflich automatisierte Entscheidung einschlie\u00dflich Profiling,<br>i) Widerruf erteilter Einwilligungen.<br><br>Zur Aus\u00fcbung dieser Rechte gen\u00fcgt eine formlose Mitteilung an datenschutz@im-cybersec.com.<br><br>11. Datenschutz bei Bewerbungen und im Bewerbungsverfahren<br><br>Wir verarbeiten die personenbezogenen Daten von Bewerberinnen und Bewerbern zum Zweck der Abwicklung des Bewerbungsverfahrens, auch elektronisch. Kommt es zu einem Anstellungsvertrag, werden die Daten zum Zweck der Abwicklung des Besch\u00e4ftigungsverh\u00e4ltnisses gespeichert. Kommt kein Vertrag zustande, l\u00f6schen wir die Daten zwei Monate nach Bekanntgabe der Absageentscheidung, sofern keine berechtigten Interessen entgegenstehen, etwa eine Beweispflicht nach dem AGG.<br><br>12. Rechtsgrundlagen der Verarbeitung<br><br>Art. 6 Abs. 1 lit. a DSGVO dient als Rechtsgrundlage f\u00fcr Verarbeitungsvorg\u00e4nge, f\u00fcr die wir eine Einwilligung einholen. F\u00fcr die Vertragserf\u00fcllung oder vorvertragliche Ma\u00dfnahmen ist Art. 6 Abs. 1 lit. b DSGVO ma\u00dfgeblich. Rechtliche Verpflichtungen st\u00fctzen sich auf Art. 6 Abs. 1 lit. c DSGVO. Lebenswichtige Interessen auf Art. 6 Abs. 1 lit. d DSGVO. Verarbeitungsvorg\u00e4nge zur Wahrung berechtigter Interessen beruhen auf Art. 6 Abs. 1 lit. f DSGVO. Ein berechtigtes Interesse kann insbesondere vorliegen, wenn die betroffene Person Kundin oder Kunde des Verantwortlichen ist.<br><br>13. Berechtigte Interessen an der Verarbeitung<br><br>Basiert die Verarbeitung auf Art. 6 Abs. 1 lit. f DSGVO, besteht unser berechtigtes Interesse in der Durchf\u00fchrung unserer Gesch\u00e4ftst\u00e4tigkeit zugunsten des Wohlergehens unserer Mitarbeiterinnen und Mitarbeiter sowie Anteilseigner.<br><br>14. Dauer der Speicherung<br><br>Ma\u00dfgeblich sind gesetzliche Aufbewahrungsfristen. Nach Fristablauf werden Daten gel\u00f6scht, sofern sie nicht mehr zur Vertragserf\u00fcllung oder Vertragsanbahnung erforderlich sind.<br><br>15. Gesetzliche oder vertragliche Vorschriften zur Bereitstellung der Daten<br><br>Die Bereitstellung personenbezogener Daten kann gesetzlich vorgeschrieben sein oder sich aus vertraglichen Regelungen ergeben. Mitunter ist es f\u00fcr einen Vertragsschluss erforderlich, dass eine betroffene Person uns personenbezogene Daten bereitstellt. Die Nichtbereitstellung h\u00e4tte zur Folge, dass ein Vertrag nicht geschlossen werden kann. Vor Bereitstellung personenbezogener Daten kann sich die betroffene Person an uns wenden. Wir kl\u00e4ren im Einzelfall, ob eine Verpflichtung zur Bereitstellung besteht und welche Folgen eine Nichtbereitstellung h\u00e4tte.<br><br>16. Bestehen einer automatisierten Entscheidungsfindung<br><br>Als verantwortungsbewusste Unternehmen verzichten wir auf eine automatische Entscheidungsfindung oder ein Profiling im Sinne von Art. 22 DSGVO.<br><\/td><\/tr><\/tbody><\/table><\/figure>\n<\/div><\/div>","protected":false},"excerpt":{"rendered":"<p>Privacy Policy We appreciate your interest in our company. Data protection is a top priority for the management of Imagine CyberSec GmbH and Imagine CyberSec SAS. The websites at https:\/\/im-cybersec.com\/ can generally be used without providing any personal data. If a data subject wishes to use special services via our website, processing of personal data [&hellip;]<\/p>","protected":false},"author":1,"featured_media":3153,"parent":0,"menu_order":0,"comment_status":"closed","ping_status":"closed","template":"","meta":{"_uag_custom_page_level_css":"","site-sidebar-layout":"no-sidebar","site-content-layout":"plain-container","ast-site-content-layout":"normal-width-container","site-content-style":"unboxed","site-sidebar-style":"unboxed","ast-global-header-display":"","ast-banner-title-visibility":"","ast-main-header-display":"","ast-hfb-above-header-display":"","ast-hfb-below-header-display":"","ast-hfb-mobile-header-display":"","site-post-title":"disabled","ast-breadcrumbs-content":"","ast-featured-img":"disabled","footer-sml-layout":"","theme-transparent-header-meta":"enabled","adv-header-id-meta":"","stick-header-meta":"","header-above-stick-meta":"","header-main-stick-meta":"","header-below-stick-meta":"","astra-migrate-meta-layouts":"set","ast-page-background-enabled":"default","ast-page-background-meta":{"desktop":{"background-color":"var(--ast-global-color-4)","background-image":"","background-repeat":"repeat","background-position":"center center","background-size":"auto","background-attachment":"scroll","background-type":"","background-media":"","overlay-type":"","overlay-color":"","overlay-opacity":"","overlay-gradient":""},"tablet":{"background-color":"","background-image":"","background-repeat":"repeat","background-position":"center center","background-size":"auto","background-attachment":"scroll","background-type":"","background-media":"","overlay-type":"","overlay-color":"","overlay-opacity":"","overlay-gradient":""},"mobile":{"background-color":"","background-image":"","background-repeat":"repeat","background-position":"center center","background-size":"auto","background-attachment":"scroll","background-type":"","background-media":"","overlay-type":"","overlay-color":"","overlay-opacity":"","overlay-gradient":""}},"ast-content-background-meta":{"desktop":{"background-color":"var(--ast-global-color-5)","background-image":"","background-repeat":"repeat","background-position":"center center","background-size":"auto","background-attachment":"scroll","background-type":"","background-media":"","overlay-type":"","overlay-color":"","overlay-opacity":"","overlay-gradient":""},"tablet":{"background-color":"var(--ast-global-color-5)","background-image":"","background-repeat":"repeat","background-position":"center center","background-size":"auto","background-attachment":"scroll","background-type":"","background-media":"","overlay-type":"","overlay-color":"","overlay-opacity":"","overlay-gradient":""},"mobile":{"background-color":"var(--ast-global-color-5)","background-image":"","background-repeat":"repeat","background-position":"center center","background-size":"auto","background-attachment":"scroll","background-type":"","background-media":"","overlay-type":"","overlay-color":"","overlay-opacity":"","overlay-gradient":""}},"footnotes":""},"class_list":["post-3254","page","type-page","status-publish","has-post-thumbnail","hentry"],"yoast_head":"<!-- This site is optimized with the Yoast SEO plugin v25.7 - https:\/\/yoast.com\/wordpress\/plugins\/seo\/ -->\n<title>PRIVACY &amp; POLICY - IM CyberSec<\/title>\n<meta name=\"description\" content=\"Don&#039;t Want to be Hacked or Need a Strategy? Let&#039;s Connect! We will respond to your inquiry at the earliest opportunity\" \/>\n<meta name=\"robots\" content=\"index, follow, max-snippet:-1, max-image-preview:large, max-video-preview:-1\" \/>\n<link rel=\"canonical\" href=\"https:\/\/im-cybersec.com\/de\/privacy-policy-im-cybersec\/\" \/>\n<meta property=\"og:locale\" content=\"de_DE\" \/>\n<meta property=\"og:type\" content=\"article\" \/>\n<meta property=\"og:title\" content=\"PRIVACY &amp; POLICY - IM CyberSec\" \/>\n<meta property=\"og:description\" content=\"Don&#039;t Want to be Hacked or Need a Strategy? Let&#039;s Connect! We will respond to your inquiry at the earliest opportunity\" \/>\n<meta property=\"og:url\" content=\"https:\/\/im-cybersec.com\/de\/privacy-policy-im-cybersec\/\" \/>\n<meta property=\"og:site_name\" content=\"IM CyberSec\" \/>\n<meta property=\"article:modified_time\" content=\"2025-12-30T09:41:05+00:00\" \/>\n<meta property=\"og:image\" content=\"https:\/\/im-cybersec.com\/wp-content\/uploads\/2025\/10\/10-scaled.png\" \/>\n\t<meta property=\"og:image:width\" content=\"2560\" \/>\n\t<meta property=\"og:image:height\" content=\"2560\" \/>\n\t<meta property=\"og:image:type\" content=\"image\/png\" \/>\n<meta name=\"twitter:card\" content=\"summary_large_image\" \/>\n<meta name=\"twitter:label1\" content=\"Gesch\u00e4tzte Lesezeit\" \/>\n\t<meta name=\"twitter:data1\" content=\"7\u00a0Minuten\" \/>\n<script type=\"application\/ld+json\" class=\"yoast-schema-graph\">{\"@context\":\"https:\/\/schema.org\",\"@graph\":[{\"@type\":\"WebPage\",\"@id\":\"https:\/\/im-cybersec.com\/privacy-policy-im-cybersec\/\",\"url\":\"https:\/\/im-cybersec.com\/privacy-policy-im-cybersec\/\",\"name\":\"PRIVACY & POLICY - IM CyberSec\",\"isPartOf\":{\"@id\":\"https:\/\/im-cybersec.com\/#website\"},\"primaryImageOfPage\":{\"@id\":\"https:\/\/im-cybersec.com\/privacy-policy-im-cybersec\/#primaryimage\"},\"image\":{\"@id\":\"https:\/\/im-cybersec.com\/privacy-policy-im-cybersec\/#primaryimage\"},\"thumbnailUrl\":\"https:\/\/im-cybersec.com\/wp-content\/uploads\/2025\/10\/10-scaled.png\",\"datePublished\":\"2025-11-06T14:12:00+00:00\",\"dateModified\":\"2025-12-30T09:41:05+00:00\",\"description\":\"Don't Want to be Hacked or Need a Strategy? Let's Connect! We will respond to your inquiry at the earliest opportunity\",\"breadcrumb\":{\"@id\":\"https:\/\/im-cybersec.com\/privacy-policy-im-cybersec\/#breadcrumb\"},\"inLanguage\":\"de\",\"potentialAction\":[{\"@type\":\"ReadAction\",\"target\":[\"https:\/\/im-cybersec.com\/privacy-policy-im-cybersec\/\"]}]},{\"@type\":\"ImageObject\",\"inLanguage\":\"de\",\"@id\":\"https:\/\/im-cybersec.com\/privacy-policy-im-cybersec\/#primaryimage\",\"url\":\"https:\/\/im-cybersec.com\/wp-content\/uploads\/2025\/10\/10-scaled.png\",\"contentUrl\":\"https:\/\/im-cybersec.com\/wp-content\/uploads\/2025\/10\/10-scaled.png\",\"width\":2560,\"height\":2560},{\"@type\":\"BreadcrumbList\",\"@id\":\"https:\/\/im-cybersec.com\/privacy-policy-im-cybersec\/#breadcrumb\",\"itemListElement\":[{\"@type\":\"ListItem\",\"position\":1,\"name\":\"Home\",\"item\":\"https:\/\/im-cybersec.com\/\"},{\"@type\":\"ListItem\",\"position\":2,\"name\":\"PRIVACY &#038; POLICY\"}]},{\"@type\":\"WebSite\",\"@id\":\"https:\/\/im-cybersec.com\/#website\",\"url\":\"https:\/\/im-cybersec.com\/\",\"name\":\"IM CyberSec\",\"description\":\"\",\"potentialAction\":[{\"@type\":\"SearchAction\",\"target\":{\"@type\":\"EntryPoint\",\"urlTemplate\":\"https:\/\/im-cybersec.com\/?s={search_term_string}\"},\"query-input\":{\"@type\":\"PropertyValueSpecification\",\"valueRequired\":true,\"valueName\":\"search_term_string\"}}],\"inLanguage\":\"de\"}]}<\/script>\n<!-- \/ Yoast SEO plugin. -->","yoast_head_json":{"title":"PRIVACY & POLICY - IM CyberSec","description":"Don't Want to be Hacked or Need a Strategy? Let's Connect! We will respond to your inquiry at the earliest opportunity","robots":{"index":"index","follow":"follow","max-snippet":"max-snippet:-1","max-image-preview":"max-image-preview:large","max-video-preview":"max-video-preview:-1"},"canonical":"https:\/\/im-cybersec.com\/de\/privacy-policy-im-cybersec\/","og_locale":"de_DE","og_type":"article","og_title":"PRIVACY & POLICY - IM CyberSec","og_description":"Don't Want to be Hacked or Need a Strategy? Let's Connect! We will respond to your inquiry at the earliest opportunity","og_url":"https:\/\/im-cybersec.com\/de\/privacy-policy-im-cybersec\/","og_site_name":"IM CyberSec","article_modified_time":"2025-12-30T09:41:05+00:00","og_image":[{"width":2560,"height":2560,"url":"https:\/\/im-cybersec.com\/wp-content\/uploads\/2025\/10\/10-scaled.png","type":"image\/png"}],"twitter_card":"summary_large_image","twitter_misc":{"Gesch\u00e4tzte Lesezeit":"7\u00a0Minuten"},"schema":{"@context":"https:\/\/schema.org","@graph":[{"@type":"WebPage","@id":"https:\/\/im-cybersec.com\/privacy-policy-im-cybersec\/","url":"https:\/\/im-cybersec.com\/privacy-policy-im-cybersec\/","name":"PRIVACY & POLICY - IM CyberSec","isPartOf":{"@id":"https:\/\/im-cybersec.com\/#website"},"primaryImageOfPage":{"@id":"https:\/\/im-cybersec.com\/privacy-policy-im-cybersec\/#primaryimage"},"image":{"@id":"https:\/\/im-cybersec.com\/privacy-policy-im-cybersec\/#primaryimage"},"thumbnailUrl":"https:\/\/im-cybersec.com\/wp-content\/uploads\/2025\/10\/10-scaled.png","datePublished":"2025-11-06T14:12:00+00:00","dateModified":"2025-12-30T09:41:05+00:00","description":"Don't Want to be Hacked or Need a Strategy? Let's Connect! We will respond to your inquiry at the earliest opportunity","breadcrumb":{"@id":"https:\/\/im-cybersec.com\/privacy-policy-im-cybersec\/#breadcrumb"},"inLanguage":"de","potentialAction":[{"@type":"ReadAction","target":["https:\/\/im-cybersec.com\/privacy-policy-im-cybersec\/"]}]},{"@type":"ImageObject","inLanguage":"de","@id":"https:\/\/im-cybersec.com\/privacy-policy-im-cybersec\/#primaryimage","url":"https:\/\/im-cybersec.com\/wp-content\/uploads\/2025\/10\/10-scaled.png","contentUrl":"https:\/\/im-cybersec.com\/wp-content\/uploads\/2025\/10\/10-scaled.png","width":2560,"height":2560},{"@type":"BreadcrumbList","@id":"https:\/\/im-cybersec.com\/privacy-policy-im-cybersec\/#breadcrumb","itemListElement":[{"@type":"ListItem","position":1,"name":"Home","item":"https:\/\/im-cybersec.com\/"},{"@type":"ListItem","position":2,"name":"PRIVACY &#038; POLICY"}]},{"@type":"WebSite","@id":"https:\/\/im-cybersec.com\/#website","url":"https:\/\/im-cybersec.com\/","name":"IM CyberSec","description":"","potentialAction":[{"@type":"SearchAction","target":{"@type":"EntryPoint","urlTemplate":"https:\/\/im-cybersec.com\/?s={search_term_string}"},"query-input":{"@type":"PropertyValueSpecification","valueRequired":true,"valueName":"search_term_string"}}],"inLanguage":"de"}]}},"uagb_featured_image_src":{"full":["https:\/\/im-cybersec.com\/wp-content\/uploads\/2025\/10\/10-scaled.png",2560,2560,false],"thumbnail":["https:\/\/im-cybersec.com\/wp-content\/uploads\/2025\/10\/10-150x150.png",150,150,true],"medium":["https:\/\/im-cybersec.com\/wp-content\/uploads\/2025\/10\/10-300x300.png",300,300,true],"medium_large":["https:\/\/im-cybersec.com\/wp-content\/uploads\/2025\/10\/10-768x768.png",768,768,true],"large":["https:\/\/im-cybersec.com\/wp-content\/uploads\/2025\/10\/10-1024x1024.png",1024,1024,true],"1536x1536":["https:\/\/im-cybersec.com\/wp-content\/uploads\/2025\/10\/10-1536x1536.png",1536,1536,true],"2048x2048":["https:\/\/im-cybersec.com\/wp-content\/uploads\/2025\/10\/10-2048x2048.png",2048,2048,true],"trp-custom-language-flag":["https:\/\/im-cybersec.com\/wp-content\/uploads\/2025\/10\/10-12x12.png",12,12,true]},"uagb_author_info":{"display_name":"anita.xd@yahoo.com","author_link":"https:\/\/im-cybersec.com\/de\/author\/anita-xdyahoo-com\/"},"uagb_comment_info":0,"uagb_excerpt":"Privacy Policy We appreciate your interest in our company. Data protection is a top priority for the management of Imagine CyberSec GmbH and Imagine CyberSec SAS. The websites at https:\/\/im-cybersec.com\/ can generally be used without providing any personal data. If a data subject wishes to use special services via our website, processing of personal data&hellip;","_links":{"self":[{"href":"https:\/\/im-cybersec.com\/de\/wp-json\/wp\/v2\/pages\/3254","targetHints":{"allow":["GET"]}}],"collection":[{"href":"https:\/\/im-cybersec.com\/de\/wp-json\/wp\/v2\/pages"}],"about":[{"href":"https:\/\/im-cybersec.com\/de\/wp-json\/wp\/v2\/types\/page"}],"author":[{"embeddable":true,"href":"https:\/\/im-cybersec.com\/de\/wp-json\/wp\/v2\/users\/1"}],"replies":[{"embeddable":true,"href":"https:\/\/im-cybersec.com\/de\/wp-json\/wp\/v2\/comments?post=3254"}],"version-history":[{"count":7,"href":"https:\/\/im-cybersec.com\/de\/wp-json\/wp\/v2\/pages\/3254\/revisions"}],"predecessor-version":[{"id":3386,"href":"https:\/\/im-cybersec.com\/de\/wp-json\/wp\/v2\/pages\/3254\/revisions\/3386"}],"wp:featuredmedia":[{"embeddable":true,"href":"https:\/\/im-cybersec.com\/de\/wp-json\/wp\/v2\/media\/3153"}],"wp:attachment":[{"href":"https:\/\/im-cybersec.com\/de\/wp-json\/wp\/v2\/media?parent=3254"}],"curies":[{"name":"wp","href":"https:\/\/api.w.org\/{rel}","templated":true}]}}