{"id":3248,"date":"2025-11-06T14:06:31","date_gmt":"2025-11-06T14:06:31","guid":{"rendered":"https:\/\/im-cybersec.com\/?page_id=3248"},"modified":"2025-12-29T13:17:00","modified_gmt":"2025-12-29T13:17:00","slug":"imprint-im-cybersec","status":"publish","type":"page","link":"https:\/\/im-cybersec.com\/de\/imprint-im-cybersec\/","title":{"rendered":"IMPRINT"},"content":{"rendered":"<div class=\"wp-block-uagb-container uagb-block-ffc1542d alignfull uagb-is-root-container\"><div class=\"uagb-container-inner-blocks-wrap\">\n<div class=\"wp-block-uagb-image alignleft uagb-block-0f41bedb wp-block-uagb-image--layout-default wp-block-uagb-image--effect-static wp-block-uagb-image--align-left\"><figure class=\"wp-block-uagb-image__figure\"><img loading=\"lazy\" decoding=\"async\" srcset=\"https:\/\/im-cybersec.com\/wp-content\/uploads\/2025\/11\/IM-CyberSec-\u2013-kopija-3-1024x256.png ,https:\/\/im-cybersec.com\/wp-content\/uploads\/2025\/11\/IM-CyberSec-\u2013-kopija-3-scaled.png 780w, https:\/\/im-cybersec.com\/wp-content\/uploads\/2025\/11\/IM-CyberSec-\u2013-kopija-3-scaled.png 360w\" sizes=\"auto, (max-width: 480px) 150px\" src=\"https:\/\/im-cybersec.com\/wp-content\/uploads\/2025\/11\/IM-CyberSec-\u2013-kopija-3-1024x256.png\" alt=\"\" class=\"uag-image-3250\" width=\"1024\" height=\"256\" title=\"IM CyberSec \u2013 kopija (3)\" role=\"img\"\/><\/figure><\/div>\n<\/div><\/div>\n\n\n\n<div class=\"wp-block-uagb-container uagb-block-bc9d6916 alignfull uagb-is-root-container\"><div class=\"uagb-container-inner-blocks-wrap\">\n<div style=\"height:49px\" aria-hidden=\"true\" class=\"wp-block-spacer\"><\/div>\n<\/div><\/div>\n\n\n\n<div class=\"wp-block-uagb-container uagb-block-7947c83e alignfull uagb-is-root-container\"><div class=\"uagb-container-inner-blocks-wrap\">\n<figure class=\"wp-block-table\"><table class=\"has-border-color\" style=\"border-color:#212d4500\"><tbody><tr><td>Verantwortlich:<br>Imagine CyberSec GmbH<br>K\u00f6ttinger Weg 122<br>57537 Wissen<br>Deutschland<br><br>Vertreten durch:<br>Managing Directors: Peter D\u00f6rfer, Ulrich Marc Frederic Hustert<br><br>Registereintrag:<br>Eingetragen im Handelsregister<br>Register Court: Montabaur<br>Registration Number: HR 30905<br>Umsatzsteuer-ID: DE815702959<br><br>Imagine CyberSec SAS<br>60 rue Fran\u00e7ois 1er<br>75008 Paris<br>Frankreich<br><br>Vertreten durch:<br>Pr\u00e9sident Ulrich Marc Frederic Hustert<br>Managing Director: Peter D\u00f6rfer<br><br>Kontakt:<br>Telefon: +49 274 26929981<br>Email: info@im-cybersec.com<br><br>Registereintrag:<br>SIREN: 992 352 484<br>SIRET (registered office): 992 352 484 00016.<br>RCS: 992 352 484 R.C.S. Paris, registered on 10.10.2025.<br>Umsatzsteuer-ID: FR06992352484.<br><br>Haftungsausschluss rechtliche Informationen<br>\u00a7 1 Warnung vor dem Inhalt<br>Die kostenlosen und frei zug\u00e4nglichen Inhalte dieser Website wurden mit gr\u00f6\u00dftm\u00f6glicher Sorgfalt erstellt. Der Anbieter dieser Website \u00fcbernimmt jedoch keine Gew\u00e4hr f\u00fcr die Richtigkeit und Aktualit\u00e4t der bereitgestellten kostenlosen und frei zug\u00e4nglichen journalistischen Hinweise und Nachrichten. Namentlich gekennzeichnete Beitr\u00e4ge geben die Meinung des jeweiligen Autors und nicht immer die Meinung des Anbieters wieder. Mit dem reinen Abruf der unentgeltlichen und frei zug\u00e4nglichen Inhalte kommt keinerlei Vertragsverh\u00e4ltnis zwischen dem Nutzer und dem Anbieter zustande, insoweit besteht auch keine rechtliche Verpflichtung des Anbieters.<br><br>\u00a7 2 Externe Links<br>Diese Website enth\u00e4lt Verkn\u00fcpfungen zu Websites Dritter (\"externe Links\"). Diese Websites unterliegen der Haftung der jeweiligen Betreiber. Der Anbieter hat bei der erstmaligen Verkn\u00fcpfung der externen Links die fremden Inhalte daraufhin \u00fcberpr\u00fcft, ob etwaige Rechtsverst\u00f6\u00dfe bestehen. Zu dem Zeitpunkt waren keine Rechtsverst\u00f6\u00dfe ersichtlich. Der Anbieter hat keinerlei Einfluss auf die aktuelle und zuk\u00fcnftige Gestaltung und auf die Inhalte der verkn\u00fcpften Seiten. Das Setzen von externen Links bedeutet nicht, dass sich der Anbieter die hinter dem Verweis oder Link liegenden Inhalte zu Eigen macht. Eine st\u00e4ndige Kontrolle der externen Links ist f\u00fcr den Anbieter ohne konkrete Hinweise auf Rechtsverst\u00f6\u00dfe nicht zumutbar. Bei Kenntnis von Rechtsverst\u00f6\u00dfen werden jedoch derartige externe Links unverz\u00fcglich gel\u00f6scht.<br><br>\u00a7 3 Urheber- und Leistungsschutzrechte<br>Die auf dieser Website ver\u00f6ffentlichten Inhalte unterliegen dem deutschen Urheber- und Leistungsschutzrecht. Jede vom deutschen Urheber- und Leistungsschutzrecht nicht zugelassene Verwertung bedarf der vorherigen schriftlichen Zustimmung des Anbieters oder jeweiligen Rechteinhabers. Dies gilt insbesondere f\u00fcr Vervielf\u00e4ltigung, Bearbeitung, \u00dcbersetzung, Einspeicherung, Verarbeitung bzw. Wiedergabe von Inhalten in Datenbanken oder anderen elektronischen Medien und Systemen. Inhalte und Rechte Dritter sind dabei als solche gekennzeichnet. Die unerlaubte Vervielf\u00e4ltigung oder Weitergabe einzelner Inhalte oder kompletter Seiten ist nicht gestattet und strafbar. Lediglich die Herstellung von Kopien und Downloads f\u00fcr den pers\u00f6nlichen, privaten und nicht kommerziellen Gebrauch ist erlaubt. Die Darstellung dieser Website in fremden Frames ist nur mit schriftlicher Erlaubnis zul\u00e4ssig.<br><br>\u00a7 4 Besondere Nutzungsbedingungen<br>Soweit besondere Bedingungen f\u00fcr einzelne Nutzungen dieser Website von den vorgenannten Paragraphen abweichen, wird an entsprechender Stelle ausdr\u00fccklich darauf hingewiesen. In diesem Falle gelten im jeweiligen Einzelfall die besonderen Nutzungsbedingungen.<br><br>Source: Imprint generator by juraforum.de<\/td><\/tr><\/tbody><\/table><\/figure>\n<\/div><\/div>","protected":false},"excerpt":{"rendered":"<p>Responsible:Imagine CyberSec GmbHK\u00f6ttinger Weg 12257537 WissenGermany Represented by:Managing Directors: Peter D\u00f6rfer, Ulrich Marc Frederic Hustert Commercial Register Entry:Entered in the Commercial RegisterRegister Court: MontabaurRegistration Number: HR 30905VAT ID: DE815702959 Imagine CyberSec SAS60 rue Fran\u00e7ois 1er75008 ParisFrance Represented by:President Ulrich Marc Frederic HustertManaging Director: Peter D\u00f6rfer Contact:Phone: +49 274 26929981Email: info@im-cybersec.com Register Entry:SIREN: 992 352 484SIRET [&hellip;]<\/p>","protected":false},"author":1,"featured_media":3153,"parent":0,"menu_order":0,"comment_status":"closed","ping_status":"closed","template":"","meta":{"_uag_custom_page_level_css":"","site-sidebar-layout":"no-sidebar","site-content-layout":"plain-container","ast-site-content-layout":"normal-width-container","site-content-style":"unboxed","site-sidebar-style":"unboxed","ast-global-header-display":"","ast-banner-title-visibility":"","ast-main-header-display":"","ast-hfb-above-header-display":"","ast-hfb-below-header-display":"","ast-hfb-mobile-header-display":"","site-post-title":"disabled","ast-breadcrumbs-content":"","ast-featured-img":"disabled","footer-sml-layout":"","theme-transparent-header-meta":"enabled","adv-header-id-meta":"","stick-header-meta":"","header-above-stick-meta":"","header-main-stick-meta":"","header-below-stick-meta":"","astra-migrate-meta-layouts":"set","ast-page-background-enabled":"default","ast-page-background-meta":{"desktop":{"background-color":"var(--ast-global-color-4)","background-image":"","background-repeat":"repeat","background-position":"center center","background-size":"auto","background-attachment":"scroll","background-type":"","background-media":"","overlay-type":"","overlay-color":"","overlay-opacity":"","overlay-gradient":""},"tablet":{"background-color":"","background-image":"","background-repeat":"repeat","background-position":"center center","background-size":"auto","background-attachment":"scroll","background-type":"","background-media":"","overlay-type":"","overlay-color":"","overlay-opacity":"","overlay-gradient":""},"mobile":{"background-color":"","background-image":"","background-repeat":"repeat","background-position":"center center","background-size":"auto","background-attachment":"scroll","background-type":"","background-media":"","overlay-type":"","overlay-color":"","overlay-opacity":"","overlay-gradient":""}},"ast-content-background-meta":{"desktop":{"background-color":"var(--ast-global-color-5)","background-image":"","background-repeat":"repeat","background-position":"center center","background-size":"auto","background-attachment":"scroll","background-type":"","background-media":"","overlay-type":"","overlay-color":"","overlay-opacity":"","overlay-gradient":""},"tablet":{"background-color":"var(--ast-global-color-5)","background-image":"","background-repeat":"repeat","background-position":"center center","background-size":"auto","background-attachment":"scroll","background-type":"","background-media":"","overlay-type":"","overlay-color":"","overlay-opacity":"","overlay-gradient":""},"mobile":{"background-color":"var(--ast-global-color-5)","background-image":"","background-repeat":"repeat","background-position":"center center","background-size":"auto","background-attachment":"scroll","background-type":"","background-media":"","overlay-type":"","overlay-color":"","overlay-opacity":"","overlay-gradient":""}},"footnotes":""},"class_list":["post-3248","page","type-page","status-publish","has-post-thumbnail","hentry"],"yoast_head":"<!-- This site is optimized with the Yoast SEO plugin v25.7 - https:\/\/yoast.com\/wordpress\/plugins\/seo\/ -->\n<title>IMPRINT - IM CyberSec<\/title>\n<meta name=\"description\" content=\"Don&#039;t Want to be Hacked or Need a Strategy? Let&#039;s Connect! We will respond to your inquiry at the earliest opportunity\" \/>\n<meta name=\"robots\" content=\"index, follow, max-snippet:-1, max-image-preview:large, max-video-preview:-1\" \/>\n<link rel=\"canonical\" href=\"https:\/\/im-cybersec.com\/de\/imprint-im-cybersec\/\" \/>\n<meta property=\"og:locale\" content=\"de_DE\" \/>\n<meta property=\"og:type\" content=\"article\" \/>\n<meta property=\"og:title\" content=\"IMPRINT - IM CyberSec\" \/>\n<meta property=\"og:description\" content=\"Don&#039;t Want to be Hacked or Need a Strategy? Let&#039;s Connect! We will respond to your inquiry at the earliest opportunity\" \/>\n<meta property=\"og:url\" content=\"https:\/\/im-cybersec.com\/de\/imprint-im-cybersec\/\" \/>\n<meta property=\"og:site_name\" content=\"IM CyberSec\" \/>\n<meta property=\"article:modified_time\" content=\"2025-12-29T13:17:00+00:00\" \/>\n<meta property=\"og:image\" content=\"https:\/\/im-cybersec.com\/wp-content\/uploads\/2025\/10\/10-scaled.png\" \/>\n\t<meta property=\"og:image:width\" content=\"2560\" \/>\n\t<meta property=\"og:image:height\" content=\"2560\" \/>\n\t<meta property=\"og:image:type\" content=\"image\/png\" \/>\n<meta name=\"twitter:card\" content=\"summary_large_image\" \/>\n<meta name=\"twitter:label1\" content=\"Gesch\u00e4tzte Lesezeit\" \/>\n\t<meta name=\"twitter:data1\" content=\"3\u00a0Minuten\" \/>\n<script type=\"application\/ld+json\" class=\"yoast-schema-graph\">{\"@context\":\"https:\/\/schema.org\",\"@graph\":[{\"@type\":\"WebPage\",\"@id\":\"https:\/\/im-cybersec.com\/imprint-im-cybersec\/\",\"url\":\"https:\/\/im-cybersec.com\/imprint-im-cybersec\/\",\"name\":\"IMPRINT - IM CyberSec\",\"isPartOf\":{\"@id\":\"https:\/\/im-cybersec.com\/#website\"},\"primaryImageOfPage\":{\"@id\":\"https:\/\/im-cybersec.com\/imprint-im-cybersec\/#primaryimage\"},\"image\":{\"@id\":\"https:\/\/im-cybersec.com\/imprint-im-cybersec\/#primaryimage\"},\"thumbnailUrl\":\"https:\/\/im-cybersec.com\/wp-content\/uploads\/2025\/10\/10-scaled.png\",\"datePublished\":\"2025-11-06T14:06:31+00:00\",\"dateModified\":\"2025-12-29T13:17:00+00:00\",\"description\":\"Don't Want to be Hacked or Need a Strategy? Let's Connect! We will respond to your inquiry at the earliest opportunity\",\"breadcrumb\":{\"@id\":\"https:\/\/im-cybersec.com\/imprint-im-cybersec\/#breadcrumb\"},\"inLanguage\":\"de\",\"potentialAction\":[{\"@type\":\"ReadAction\",\"target\":[\"https:\/\/im-cybersec.com\/imprint-im-cybersec\/\"]}]},{\"@type\":\"ImageObject\",\"inLanguage\":\"de\",\"@id\":\"https:\/\/im-cybersec.com\/imprint-im-cybersec\/#primaryimage\",\"url\":\"https:\/\/im-cybersec.com\/wp-content\/uploads\/2025\/10\/10-scaled.png\",\"contentUrl\":\"https:\/\/im-cybersec.com\/wp-content\/uploads\/2025\/10\/10-scaled.png\",\"width\":2560,\"height\":2560},{\"@type\":\"BreadcrumbList\",\"@id\":\"https:\/\/im-cybersec.com\/imprint-im-cybersec\/#breadcrumb\",\"itemListElement\":[{\"@type\":\"ListItem\",\"position\":1,\"name\":\"Home\",\"item\":\"https:\/\/im-cybersec.com\/\"},{\"@type\":\"ListItem\",\"position\":2,\"name\":\"IMPRINT\"}]},{\"@type\":\"WebSite\",\"@id\":\"https:\/\/im-cybersec.com\/#website\",\"url\":\"https:\/\/im-cybersec.com\/\",\"name\":\"IM CyberSec\",\"description\":\"\",\"potentialAction\":[{\"@type\":\"SearchAction\",\"target\":{\"@type\":\"EntryPoint\",\"urlTemplate\":\"https:\/\/im-cybersec.com\/?s={search_term_string}\"},\"query-input\":{\"@type\":\"PropertyValueSpecification\",\"valueRequired\":true,\"valueName\":\"search_term_string\"}}],\"inLanguage\":\"de\"}]}<\/script>\n<!-- \/ Yoast SEO plugin. -->","yoast_head_json":{"title":"IMPRINT - IM CyberSec","description":"Don't Want to be Hacked or Need a Strategy? Let's Connect! We will respond to your inquiry at the earliest opportunity","robots":{"index":"index","follow":"follow","max-snippet":"max-snippet:-1","max-image-preview":"max-image-preview:large","max-video-preview":"max-video-preview:-1"},"canonical":"https:\/\/im-cybersec.com\/de\/imprint-im-cybersec\/","og_locale":"de_DE","og_type":"article","og_title":"IMPRINT - IM CyberSec","og_description":"Don't Want to be Hacked or Need a Strategy? Let's Connect! We will respond to your inquiry at the earliest opportunity","og_url":"https:\/\/im-cybersec.com\/de\/imprint-im-cybersec\/","og_site_name":"IM CyberSec","article_modified_time":"2025-12-29T13:17:00+00:00","og_image":[{"width":2560,"height":2560,"url":"https:\/\/im-cybersec.com\/wp-content\/uploads\/2025\/10\/10-scaled.png","type":"image\/png"}],"twitter_card":"summary_large_image","twitter_misc":{"Gesch\u00e4tzte Lesezeit":"3\u00a0Minuten"},"schema":{"@context":"https:\/\/schema.org","@graph":[{"@type":"WebPage","@id":"https:\/\/im-cybersec.com\/imprint-im-cybersec\/","url":"https:\/\/im-cybersec.com\/imprint-im-cybersec\/","name":"IMPRINT - IM CyberSec","isPartOf":{"@id":"https:\/\/im-cybersec.com\/#website"},"primaryImageOfPage":{"@id":"https:\/\/im-cybersec.com\/imprint-im-cybersec\/#primaryimage"},"image":{"@id":"https:\/\/im-cybersec.com\/imprint-im-cybersec\/#primaryimage"},"thumbnailUrl":"https:\/\/im-cybersec.com\/wp-content\/uploads\/2025\/10\/10-scaled.png","datePublished":"2025-11-06T14:06:31+00:00","dateModified":"2025-12-29T13:17:00+00:00","description":"Don't Want to be Hacked or Need a Strategy? Let's Connect! We will respond to your inquiry at the earliest opportunity","breadcrumb":{"@id":"https:\/\/im-cybersec.com\/imprint-im-cybersec\/#breadcrumb"},"inLanguage":"de","potentialAction":[{"@type":"ReadAction","target":["https:\/\/im-cybersec.com\/imprint-im-cybersec\/"]}]},{"@type":"ImageObject","inLanguage":"de","@id":"https:\/\/im-cybersec.com\/imprint-im-cybersec\/#primaryimage","url":"https:\/\/im-cybersec.com\/wp-content\/uploads\/2025\/10\/10-scaled.png","contentUrl":"https:\/\/im-cybersec.com\/wp-content\/uploads\/2025\/10\/10-scaled.png","width":2560,"height":2560},{"@type":"BreadcrumbList","@id":"https:\/\/im-cybersec.com\/imprint-im-cybersec\/#breadcrumb","itemListElement":[{"@type":"ListItem","position":1,"name":"Home","item":"https:\/\/im-cybersec.com\/"},{"@type":"ListItem","position":2,"name":"IMPRINT"}]},{"@type":"WebSite","@id":"https:\/\/im-cybersec.com\/#website","url":"https:\/\/im-cybersec.com\/","name":"IM CyberSec","description":"","potentialAction":[{"@type":"SearchAction","target":{"@type":"EntryPoint","urlTemplate":"https:\/\/im-cybersec.com\/?s={search_term_string}"},"query-input":{"@type":"PropertyValueSpecification","valueRequired":true,"valueName":"search_term_string"}}],"inLanguage":"de"}]}},"uagb_featured_image_src":{"full":["https:\/\/im-cybersec.com\/wp-content\/uploads\/2025\/10\/10-scaled.png",2560,2560,false],"thumbnail":["https:\/\/im-cybersec.com\/wp-content\/uploads\/2025\/10\/10-150x150.png",150,150,true],"medium":["https:\/\/im-cybersec.com\/wp-content\/uploads\/2025\/10\/10-300x300.png",300,300,true],"medium_large":["https:\/\/im-cybersec.com\/wp-content\/uploads\/2025\/10\/10-768x768.png",768,768,true],"large":["https:\/\/im-cybersec.com\/wp-content\/uploads\/2025\/10\/10-1024x1024.png",1024,1024,true],"1536x1536":["https:\/\/im-cybersec.com\/wp-content\/uploads\/2025\/10\/10-1536x1536.png",1536,1536,true],"2048x2048":["https:\/\/im-cybersec.com\/wp-content\/uploads\/2025\/10\/10-2048x2048.png",2048,2048,true],"trp-custom-language-flag":["https:\/\/im-cybersec.com\/wp-content\/uploads\/2025\/10\/10-12x12.png",12,12,true]},"uagb_author_info":{"display_name":"anita.xd@yahoo.com","author_link":"https:\/\/im-cybersec.com\/de\/author\/anita-xdyahoo-com\/"},"uagb_comment_info":0,"uagb_excerpt":"Responsible:Imagine CyberSec GmbHK\u00f6ttinger Weg 12257537 WissenGermany Represented by:Managing Directors: Peter D\u00f6rfer, Ulrich Marc Frederic Hustert Commercial Register Entry:Entered in the Commercial RegisterRegister Court: MontabaurRegistration Number: HR 30905VAT ID: DE815702959 Imagine CyberSec SAS60 rue Fran\u00e7ois 1er75008 ParisFrance Represented by:President Ulrich Marc Frederic HustertManaging Director: Peter D\u00f6rfer Contact:Phone: +49 274 26929981Email: info@im-cybersec.com Register Entry:SIREN: 992 352 484SIRET&hellip;","_links":{"self":[{"href":"https:\/\/im-cybersec.com\/de\/wp-json\/wp\/v2\/pages\/3248","targetHints":{"allow":["GET"]}}],"collection":[{"href":"https:\/\/im-cybersec.com\/de\/wp-json\/wp\/v2\/pages"}],"about":[{"href":"https:\/\/im-cybersec.com\/de\/wp-json\/wp\/v2\/types\/page"}],"author":[{"embeddable":true,"href":"https:\/\/im-cybersec.com\/de\/wp-json\/wp\/v2\/users\/1"}],"replies":[{"embeddable":true,"href":"https:\/\/im-cybersec.com\/de\/wp-json\/wp\/v2\/comments?post=3248"}],"version-history":[{"count":10,"href":"https:\/\/im-cybersec.com\/de\/wp-json\/wp\/v2\/pages\/3248\/revisions"}],"predecessor-version":[{"id":3373,"href":"https:\/\/im-cybersec.com\/de\/wp-json\/wp\/v2\/pages\/3248\/revisions\/3373"}],"wp:featuredmedia":[{"embeddable":true,"href":"https:\/\/im-cybersec.com\/de\/wp-json\/wp\/v2\/media\/3153"}],"wp:attachment":[{"href":"https:\/\/im-cybersec.com\/de\/wp-json\/wp\/v2\/media?parent=3248"}],"curies":[{"name":"wp","href":"https:\/\/api.w.org\/{rel}","templated":true}]}}